{"id":911,"date":"2026-02-18T09:20:49","date_gmt":"2026-02-18T09:20:49","guid":{"rendered":"https:\/\/surestegc.org\/?page_id=911"},"modified":"2026-02-23T14:23:33","modified_gmt":"2026-02-23T14:23:33","slug":"life-4eneragencies-sureste-gran-canaria","status":"publish","type":"page","link":"https:\/\/surestegc.org\/index.php\/life-4eneragencies-sureste-gran-canaria\/","title":{"rendered":"Proyecto LIFE 4ENERAGENCIES"},"content":{"rendered":"\n<h2 class=\"wp-block-heading\">Contexto<\/h2>\n\n\n\n<p>En muchas regiones europeas, los entes locales carecen de estructuras espec\u00edficas para planificar y coordinar de manera eficaz las acciones energ\u00e9ticas locales.<\/p>\n\n\n\n<p>En este contexto, las agencias de energ\u00eda, organizaciones con mandato p\u00fablico reconocidas por la normativa europea, desempe\u00f1an un papel fundamental en el impulso de la transici\u00f3n energ\u00e9tica desde el \u00e1mbito local.<\/p>\n\n\n\n<p>Estas agencias gu\u00edan y ayudan a las autoridades locales en el desarrollo de su transici\u00f3n energ\u00e9tica y contribuyen al cumplimiento de los objetivos clim\u00e1ticos y energ\u00e9ticos de la Uni\u00f3n Europea para 2030 y 2050. Para ello, elaboran estrategias energ\u00e9ticas locales, promueven proyectos de energ\u00edas renovables, eficiencia energ\u00e9tica y otras iniciativas de energ\u00eda sostenible, y movilizan inversiones en el territorio, generando un impacto directo y positivo en las comunidades donde operan.<\/p>\n\n\n\n<h1 class=\"wp-block-heading\">PROYECTO 4ENERAGENCIES<\/h1>\n\n\n\n<p>Existen en Espa\u00f1a muchas regiones donde hay una clara necesidad de contar con estructuras de apoyo especializadas que permitan planificar y coordinar eficazmente las acciones energ\u00e9ticas a nivel local. El proyecto <a href=\"https:\/\/cinea.ec.europa.eu\/programmes\/life_en\">LIFE<\/a><strong> 4ENERAGENCIES<\/strong> da respuesta a esta necesidad mediante el establecimiento de cuatro agencias de energ\u00eda locales.<\/p>\n\n\n\n<p>El proyecto, con una duraci\u00f3n de 4 a\u00f1os (desde octubre de 2025), impulsar\u00e1 la creaci\u00f3n y puesta en funcionamiento de cuatro agencias de energ\u00eda en Espa\u00f1a, tres de ellas ubicadas en las Islas Canarias. Las agencias promovidas son las siguientes:<\/p>\n\n\n\n<ul class=\"wp-block-list\">\n<li>Agencia de la Energ\u00eda de la Mancomunidad del Sureste de Gran Canaria<\/li>\n\n\n\n<li>Agencia de la Energ\u00eda de la Mancomunidad Norte de Gran Canaria<\/li>\n\n\n\n<li>Agencia de la Energ\u00eda de la Mancomunidad de Median\u00edas de Gran Canaria<\/li>\n\n\n\n<li>Agencia de la Energ\u00eda del Ayuntamiento de Rivas Vaciamadrid<\/li>\n<\/ul>\n\n\n\n<p>Objetivo<\/p>\n\n\n\n<p>La creaci\u00f3n de estas agencias de energ\u00eda tiene como objetivo fortalecer las capacidades locales para la planificaci\u00f3n y la implementaci\u00f3n de acciones de energ\u00eda sostenible en estos territorios, contribuyendo as\u00ed la transici\u00f3n energ\u00e9tica 2030 y neutralidad clim\u00e1tica 2050 en sus zonas geogr\u00e1ficas objetivo y contribuir con los objetivos clim\u00e1ticos y energ\u00e9ticos de la Uni\u00f3n Europea para 2030 y 2050.<\/p>\n\n\n\n<p>La creaci\u00f3n de estas cuatro Agencias de la Energ\u00eda permitir\u00e1 disponer de oficinas t\u00e9cnicas de apoyo permanente al servicio de las cuatro autoridades locales participantes, facilitando:<\/p>\n\n\n\n<ul class=\"wp-block-list\">\n<li>El suministro de energ\u00eda en condiciones competitivas.<\/li>\n\n\n\n<li>El aumento de la eficiencia energ\u00e9tica en los edificios, el transporte, las pymes y otras infraestructuras.<\/li>\n\n\n\n<li>Incrementar la autosuficiencia en energ\u00edas renovables producidas localmente.<\/li>\n\n\n\n<li>La promoci\u00f3n de la digitalizaci\u00f3n y la innovaci\u00f3n energ\u00e9tica.<\/li>\n<\/ul>\n\n\n\n<h1 class=\"wp-block-heading\">Participaci\u00f3n Mancomunidad del Sureste de Gran Canaria<\/h1>\n\n\n\n<p>La participaci\u00f3n de la Mancomunidad del Sureste de Gran Canaria en el proyecto LIFE 4ENERAGENCIES responde a una trayectoria de compromiso con el desarrollo sostenible, la cooperaci\u00f3n intermunicipal y la transici\u00f3n energ\u00e9tica del territorio. Este proyecto representa una oportunidad estrat\u00e9gica para reforzar y estructurar de manera permanente las pol\u00edticas energ\u00e9ticas locales mediante la creaci\u00f3n de una Agencia de la Energ\u00eda al servicio de los municipios y de la ciudadan\u00eda.<\/p>\n\n\n\n<p>La Mancomunidad del Sureste de Gran Canaria, integrada por los municipios de Santa Luc\u00eda de Tirajana, Ingenio y Ag\u00fcimes, agrupa a una poblaci\u00f3n superior a los 130.000 habitantes, y en su territorio operan m\u00e1s de 9.000 empresas, en su mayor\u00eda comercios locales y PYMES, que constituyen el&nbsp;motor econ\u00f3mico.<\/p>\n\n\n\n<p>El papel de la Mancomunidad del Sureste de Gran Canaria dentro del proyecto LIFE 4ENERAGENCIES es clave para impulsar la creaci\u00f3n y puesta en marcha de la Agencia de la Energ\u00eda del Sureste de Gran Canaria.<\/p>\n\n\n\n<p>La Mancomunidad trabajar\u00e1 como entidad promotora y facilitadora, y servir\u00e1 de puente entre la estrategia energ\u00e9tica europea y su implementaci\u00f3n local.<\/p>\n\n\n\n<p>Una vez creada la Agencia de la Energ\u00eda en forma de asociaci\u00f3n, la Mancomunidad no solo mantendr\u00e1 su apoyo, sino que formar\u00e1 parte de la misma como entidad socia, junto al Consejo Insular de la Energ\u00eda de Gran Canaria, comunidades energ\u00e9ticas del territorio y representantes del sector privado. Esta estructura organizativa permitir\u00e1 dotar a la agencia de flexibilidad operativa, mayor capacidad de adaptaci\u00f3n y sostenibilidad a largo plazo.<\/p>\n\n\n\n<p>Mediante la creaci\u00f3n de una&nbsp;agencia de la&nbsp;energ\u00eda,&nbsp;los&nbsp;ayuntamientos&nbsp;podr\u00e1n&nbsp;recibir asesoramiento&nbsp;y apoyo t\u00e9cnico&nbsp;en&nbsp;el \u00e1mbito de la sostenibilidad energ\u00e9tica,&nbsp;facilitando la elaboraci\u00f3n de&nbsp;estudios y balances de&nbsp;generaci\u00f3n&nbsp;y consumo&nbsp;energ\u00e9tico,&nbsp;agilizando el&nbsp;desarrollo de proyectos de transformaci\u00f3n e innovaci\u00f3n para&nbsp;los municipios.&nbsp;<\/p>\n\n\n\n<p>Respecto a la ciudadan\u00eda, la principal barrera que existe es el desconocimiento y la falta de informaci\u00f3n para la adopci\u00f3n de soluciones energ\u00e9ticas sostenibles como el autoconsumo, la rehabilitaci\u00f3n energ\u00e9tica de viviendas o la reducci\u00f3n de la factura, entre otros temas.&nbsp;<\/p>\n\n\n\n<p>La creaci\u00f3n de la&nbsp;agencia puede ayudarlos a superar esa barrera y&nbsp;adquirir conocimientos m\u00e1s profundos en materia energ\u00e9tica, as\u00ed como recibir asesoramiento en otros temas como&nbsp;en impuestos y aspectos fiscales derivados de estas pr\u00e1cticas en temas de energ\u00eda.&nbsp;<\/p>\n\n\n\n<p>Por otro lado, a las empresas y comercios locales, la adopci\u00f3n de pr\u00e1cticas y proyectos de eficiencia energ\u00e9tica y renovables no solo contribuye a la sostenibilidad medioambiental, sino que tambi\u00e9n se traduce en ahorros econ\u00f3micos para estos consumidores de energ\u00eda, mejorando su competitividad.&nbsp;<\/p>\n\n\n\n<p>Entre las actividades clave que desarrollar\u00e1 la nueva Agencia de Energ\u00eda de la Mancomunidad del Sureste de Gran Canaria se incluyen:<\/p>\n\n\n\n<ul class=\"wp-block-list\">\n<li>Elaboraci\u00f3n del Plan o Balance Energ\u00e9tico de la Mancomunidad del Sureste.&nbsp;<\/li>\n\n\n\n<li>Promoci\u00f3n de proyectos de eficiencia energ\u00e9tica, energ\u00edas renovables, almacenamiento de energ\u00eda, comunidades energ\u00e9ticas, movilidad sostenible y otros proyectos de energ\u00eda sostenible.&nbsp;<\/li>\n\n\n\n<li>Asesoramiento a la Administraci\u00f3n p\u00fablica local, ciudadanos y comercios,&nbsp;PYMEs&nbsp;industriales y otros actores como centros de ocio o comerciales, asociaciones, cooperativas u otras agrupaciones ya existentes.&nbsp;<\/li>\n\n\n\n<li>Formaci\u00f3n y capacitaci\u00f3n.&nbsp;<\/li>\n\n\n\n<li>Promoci\u00f3n de la innovaci\u00f3n energ\u00e9tica.&nbsp;<\/li>\n\n\n\n<li>Intercambio de experiencias e interacci\u00f3n con otros municipios, profesionales, ciudadanos y empresas.&nbsp;<\/li>\n<\/ul>\n\n\n\n<h1 class=\"wp-block-heading\">Socios del proyecto<\/h1>\n\n\n\n<p>El proyecto est\u00e1 coordinado por el <strong>Consejo Insular de la Energ\u00eda de Gran Canaria, <\/strong>responsable de la gesti\u00f3n administrativa y coordinaci\u00f3n general. <strong>4ENERAGENCIES<\/strong> cuenta con la participaci\u00f3n de:<\/p>\n\n\n\n<p><strong>Gran Canaria<\/strong><\/p>\n\n\n\n<ul class=\"wp-block-list\">\n<li>MANCOMUNIDAD INTERMUNICIPAL DEL SURESTE DE GRAN CANARIA <a href=\"https:\/\/surestegc.org\/\">https:\/\/surestegc.org\/<\/a><\/li>\n\n\n\n<li>MANCOMUNIDAD DEL NORTE DE GRAN CANARIA <a href=\"https:\/\/www.mancomunidaddelnorte.org\/\">https:\/\/www.mancomunidaddelnorte.org\/<\/a><\/li>\n\n\n\n<li>MANCOMUNIDAD DE MUNICIPIOS DE MEDIANIAS DE GRAN CANARIA <a href=\"https:\/\/www.medianias.org\/\">https:\/\/www.medianias.org\/<\/a><\/li>\n<\/ul>\n\n\n\n<p>Estas entidades son responsables de la creaci\u00f3n y funcionamiento de las Agencia de Energ\u00eda en la isla.<\/p>\n\n\n\n<p><strong>Peninsula<\/strong><\/p>\n\n\n\n<ul class=\"wp-block-list\">\n<li>AYUNTAMIENTO de Rivas Vaciamadrid, que desarrollar\u00e1 una estructura para un plan energ\u00e9tico integral, con foco en la digitalizaci\u00f3n y la mejora de la infraestructura municipal.<\/li>\n<\/ul>\n\n\n\n<p><strong>Socios expertos<\/strong><\/p>\n\n\n\n<ul class=\"wp-block-list\">\n<li>FEDARENE \u2013 Federaci\u00f3n Europea de Agencias Regionales y Locales de Energ\u00eda<br>Apoya la replicaci\u00f3n y difusi\u00f3n del proyecto en otras regiones europeas.<br>https:\/\/fedarene.org\/<\/li>\n\n\n\n<li>Escan Consultores Energ\u00e9ticos<br>Aporta experiencia en modelos de agencias de la energ\u00eda y desarrolla propuestas t\u00e9cnicas, econ\u00f3micas y de gobernanza. Es responsable de la coordinaci\u00f3n t\u00e9cnica general y proporcionar\u00e1 apoyo en la gesti\u00f3n.<br>https:\/\/escansa.com\/<\/li>\n<\/ul>\n\n\n\n<h2 class=\"wp-block-heading\">Informaci\u00f3n del proyecto<\/h2>\n\n\n\n<p><strong>M\u00e1s informaci\u00f3n (en ingl\u00e9s)<\/strong> <a href=\"https:\/\/fedarene.org\/project\/4eneragencies\/\">https:\/\/fedarene.org\/project\/4eneragencies\/<\/a><\/p>\n\n\n\n<p><strong>Duraci\u00f3n:<\/strong> 48 meses (desde octubre de 2025)<\/p>\n\n\n\n<p><strong>Presupuesto total:<\/strong> 2.465.001 \u20ac<\/p>\n\n\n\n<p><strong>Financiaci\u00f3n europea:<\/strong> 1.479.001 \u20ac<\/p>\n\n\n\n<figure class=\"wp-block-gallery has-nested-images columns-default is-cropped wp-block-gallery-1 is-layout-flex wp-block-gallery-is-layout-flex\">\n<figure class=\"wp-block-image size-large\"><img loading=\"lazy\" decoding=\"async\" width=\"1024\" height=\"1024\" data-id=\"912\" src=\"https:\/\/surestegc.org\/wp-content\/uploads\/2026\/02\/General-1024x1024.png\" alt=\"\" class=\"wp-image-912\" srcset=\"https:\/\/surestegc.org\/wp-content\/uploads\/2026\/02\/General-1024x1024.png 1024w, https:\/\/surestegc.org\/wp-content\/uploads\/2026\/02\/General-300x300.png 300w, https:\/\/surestegc.org\/wp-content\/uploads\/2026\/02\/General-150x150.png 150w, https:\/\/surestegc.org\/wp-content\/uploads\/2026\/02\/General-768x768.png 768w, https:\/\/surestegc.org\/wp-content\/uploads\/2026\/02\/General-1536x1536.png 1536w, https:\/\/surestegc.org\/wp-content\/uploads\/2026\/02\/General-146x146.png 146w, https:\/\/surestegc.org\/wp-content\/uploads\/2026\/02\/General-50x50.png 50w, https:\/\/surestegc.org\/wp-content\/uploads\/2026\/02\/General-75x75.png 75w, https:\/\/surestegc.org\/wp-content\/uploads\/2026\/02\/General-85x85.png 85w, https:\/\/surestegc.org\/wp-content\/uploads\/2026\/02\/General-80x80.png 80w, https:\/\/surestegc.org\/wp-content\/uploads\/2026\/02\/General.png 2000w\" sizes=\"auto, (max-width: 1024px) 100vw, 1024px\" \/><\/figure>\n\n\n\n<figure class=\"wp-block-image size-large\"><img loading=\"lazy\" decoding=\"async\" width=\"909\" height=\"958\" data-id=\"914\" src=\"https:\/\/surestegc.org\/wp-content\/uploads\/2026\/02\/EN-V-Co-funded-by-the-EU_POS.jpg\" alt=\"\" class=\"wp-image-914\" srcset=\"https:\/\/surestegc.org\/wp-content\/uploads\/2026\/02\/EN-V-Co-funded-by-the-EU_POS.jpg 909w, https:\/\/surestegc.org\/wp-content\/uploads\/2026\/02\/EN-V-Co-funded-by-the-EU_POS-285x300.jpg 285w, https:\/\/surestegc.org\/wp-content\/uploads\/2026\/02\/EN-V-Co-funded-by-the-EU_POS-768x809.jpg 768w, https:\/\/surestegc.org\/wp-content\/uploads\/2026\/02\/EN-V-Co-funded-by-the-EU_POS-139x146.jpg 139w, https:\/\/surestegc.org\/wp-content\/uploads\/2026\/02\/EN-V-Co-funded-by-the-EU_POS-47x50.jpg 47w, https:\/\/surestegc.org\/wp-content\/uploads\/2026\/02\/EN-V-Co-funded-by-the-EU_POS-71x75.jpg 71w\" sizes=\"auto, (max-width: 909px) 100vw, 909px\" \/><\/figure>\n<\/figure>\n\n\n\n<p><\/p>\n","protected":false},"excerpt":{"rendered":"<p>Contexto En muchas regiones europeas, los entes locales carecen de estructuras espec\u00edficas para planificar y coordinar de manera eficaz las acciones energ\u00e9ticas locales. En este contexto,<span class=\"excerpt-hellip\"> [\u2026]<\/span><\/p>\n","protected":false},"author":3,"featured_media":0,"parent":0,"menu_order":0,"comment_status":"closed","ping_status":"closed","template":"","meta":{"footnotes":""},"class_list":["post-911","page","type-page","status-publish","hentry"],"yoast_head":"<!-- This site is optimized with the Yoast SEO plugin v27.0 - https:\/\/yoast.com\/product\/yoast-seo-wordpress\/ -->\n<title>Proyecto LIFE 4ENERAGENCIES - Mancomunidad Sureste de Gran Canaria<\/title>\n<meta name=\"robots\" content=\"noindex, follow, max-snippet:-1, max-image-preview:large, max-video-preview:-1\" \/>\n<meta property=\"og:locale\" content=\"es_ES\" \/>\n<meta property=\"og:type\" content=\"article\" \/>\n<meta property=\"og:title\" content=\"Proyecto LIFE 4ENERAGENCIES - Mancomunidad Sureste de Gran Canaria\" \/>\n<meta property=\"og:description\" content=\"Contexto En muchas regiones europeas, los entes locales carecen de estructuras espec\u00edficas para planificar y coordinar de manera eficaz las acciones energ\u00e9ticas locales. En este contexto, [\u2026]\" \/>\n<meta property=\"og:url\" content=\"https:\/\/surestegc.org\/index.php\/life-4eneragencies-sureste-gran-canaria\/\" \/>\n<meta property=\"og:site_name\" content=\"Mancomunidad Sureste de Gran Canaria\" \/>\n<meta property=\"article:modified_time\" content=\"2026-02-23T14:23:33+00:00\" \/>\n<meta property=\"og:image\" content=\"https:\/\/surestegc.org\/wp-content\/uploads\/2026\/02\/General.png\" \/>\n\t<meta property=\"og:image:width\" content=\"2000\" \/>\n\t<meta property=\"og:image:height\" content=\"2000\" \/>\n\t<meta property=\"og:image:type\" content=\"image\/png\" \/>\n<meta name=\"twitter:card\" content=\"summary_large_image\" \/>\n<meta name=\"twitter:label1\" content=\"Tiempo de lectura\" \/>\n\t<meta name=\"twitter:data1\" content=\"6 minutos\" \/>\n<script type=\"application\/ld+json\" class=\"yoast-schema-graph\">{\"@context\":\"https:\/\/schema.org\",\"@graph\":[{\"@type\":\"WebPage\",\"@id\":\"https:\/\/surestegc.org\/index.php\/life-4eneragencies-sureste-gran-canaria\/\",\"url\":\"https:\/\/surestegc.org\/index.php\/life-4eneragencies-sureste-gran-canaria\/\",\"name\":\"Proyecto LIFE 4ENERAGENCIES - Mancomunidad Sureste de Gran Canaria\",\"isPartOf\":{\"@id\":\"https:\/\/surestegc.org\/#website\"},\"primaryImageOfPage\":{\"@id\":\"https:\/\/surestegc.org\/index.php\/life-4eneragencies-sureste-gran-canaria\/#primaryimage\"},\"image\":{\"@id\":\"https:\/\/surestegc.org\/index.php\/life-4eneragencies-sureste-gran-canaria\/#primaryimage\"},\"thumbnailUrl\":\"https:\/\/surestegc.org\/wp-content\/uploads\/2026\/02\/General-1024x1024.png\",\"datePublished\":\"2026-02-18T09:20:49+00:00\",\"dateModified\":\"2026-02-23T14:23:33+00:00\",\"breadcrumb\":{\"@id\":\"https:\/\/surestegc.org\/index.php\/life-4eneragencies-sureste-gran-canaria\/#breadcrumb\"},\"inLanguage\":\"es\",\"potentialAction\":[{\"@type\":\"ReadAction\",\"target\":[\"https:\/\/surestegc.org\/index.php\/life-4eneragencies-sureste-gran-canaria\/\"]}]},{\"@type\":\"ImageObject\",\"inLanguage\":\"es\",\"@id\":\"https:\/\/surestegc.org\/index.php\/life-4eneragencies-sureste-gran-canaria\/#primaryimage\",\"url\":\"https:\/\/surestegc.org\/wp-content\/uploads\/2026\/02\/General.png\",\"contentUrl\":\"https:\/\/surestegc.org\/wp-content\/uploads\/2026\/02\/General.png\",\"width\":2000,\"height\":2000},{\"@type\":\"BreadcrumbList\",\"@id\":\"https:\/\/surestegc.org\/index.php\/life-4eneragencies-sureste-gran-canaria\/#breadcrumb\",\"itemListElement\":[{\"@type\":\"ListItem\",\"position\":1,\"name\":\"Portada\",\"item\":\"https:\/\/surestegc.org\/\"},{\"@type\":\"ListItem\",\"position\":2,\"name\":\"Proyecto LIFE 4ENERAGENCIES\"}]},{\"@type\":\"WebSite\",\"@id\":\"https:\/\/surestegc.org\/#website\",\"url\":\"https:\/\/surestegc.org\/\",\"name\":\"Mancomunidad Sureste de Gran Canaria\",\"description\":\"La Mancomunidad Intermunicipal del Sureste de Gran Canaria, es una Mancomunidad situada en la isla de Gran Canaria, Espa\u00f1a, y que agrupa a los municipios de Santa Luc\u00eda de Tirajana, Ingenio y Ag\u00fcimes.\",\"publisher\":{\"@id\":\"https:\/\/surestegc.org\/#organization\"},\"potentialAction\":[{\"@type\":\"SearchAction\",\"target\":{\"@type\":\"EntryPoint\",\"urlTemplate\":\"https:\/\/surestegc.org\/?s={search_term_string}\"},\"query-input\":{\"@type\":\"PropertyValueSpecification\",\"valueRequired\":true,\"valueName\":\"search_term_string\"}}],\"inLanguage\":\"es\"},{\"@type\":\"Organization\",\"@id\":\"https:\/\/surestegc.org\/#organization\",\"name\":\"Mancomunidad Sureste de Gran Canaria\",\"url\":\"https:\/\/surestegc.org\/\",\"logo\":{\"@type\":\"ImageObject\",\"inLanguage\":\"es\",\"@id\":\"https:\/\/surestegc.org\/#\/schema\/logo\/image\/\",\"url\":\"https:\/\/surestegc.org\/wp-content\/uploads\/2023\/06\/cropped-Logo-Mancomunidad-so\u0301lo.png\",\"contentUrl\":\"https:\/\/surestegc.org\/wp-content\/uploads\/2023\/06\/cropped-Logo-Mancomunidad-so\u0301lo.png\",\"width\":200,\"height\":296,\"caption\":\"Mancomunidad Sureste de Gran Canaria\"},\"image\":{\"@id\":\"https:\/\/surestegc.org\/#\/schema\/logo\/image\/\"}}]}<\/script>\n<!-- \/ Yoast SEO plugin. -->","yoast_head_json":{"title":"Proyecto LIFE 4ENERAGENCIES - Mancomunidad Sureste de Gran Canaria","robots":{"index":"noindex","follow":"follow","max-snippet":"max-snippet:-1","max-image-preview":"max-image-preview:large","max-video-preview":"max-video-preview:-1"},"og_locale":"es_ES","og_type":"article","og_title":"Proyecto LIFE 4ENERAGENCIES - Mancomunidad Sureste de Gran Canaria","og_description":"Contexto En muchas regiones europeas, los entes locales carecen de estructuras espec\u00edficas para planificar y coordinar de manera eficaz las acciones energ\u00e9ticas locales. En este contexto, [\u2026]","og_url":"https:\/\/surestegc.org\/index.php\/life-4eneragencies-sureste-gran-canaria\/","og_site_name":"Mancomunidad Sureste de Gran Canaria","article_modified_time":"2026-02-23T14:23:33+00:00","og_image":[{"width":2000,"height":2000,"url":"https:\/\/surestegc.org\/wp-content\/uploads\/2026\/02\/General.png","type":"image\/png"}],"twitter_card":"summary_large_image","twitter_misc":{"Tiempo de lectura":"6 minutos"},"schema":{"@context":"https:\/\/schema.org","@graph":[{"@type":"WebPage","@id":"https:\/\/surestegc.org\/index.php\/life-4eneragencies-sureste-gran-canaria\/","url":"https:\/\/surestegc.org\/index.php\/life-4eneragencies-sureste-gran-canaria\/","name":"Proyecto LIFE 4ENERAGENCIES - Mancomunidad Sureste de Gran Canaria","isPartOf":{"@id":"https:\/\/surestegc.org\/#website"},"primaryImageOfPage":{"@id":"https:\/\/surestegc.org\/index.php\/life-4eneragencies-sureste-gran-canaria\/#primaryimage"},"image":{"@id":"https:\/\/surestegc.org\/index.php\/life-4eneragencies-sureste-gran-canaria\/#primaryimage"},"thumbnailUrl":"https:\/\/surestegc.org\/wp-content\/uploads\/2026\/02\/General-1024x1024.png","datePublished":"2026-02-18T09:20:49+00:00","dateModified":"2026-02-23T14:23:33+00:00","breadcrumb":{"@id":"https:\/\/surestegc.org\/index.php\/life-4eneragencies-sureste-gran-canaria\/#breadcrumb"},"inLanguage":"es","potentialAction":[{"@type":"ReadAction","target":["https:\/\/surestegc.org\/index.php\/life-4eneragencies-sureste-gran-canaria\/"]}]},{"@type":"ImageObject","inLanguage":"es","@id":"https:\/\/surestegc.org\/index.php\/life-4eneragencies-sureste-gran-canaria\/#primaryimage","url":"https:\/\/surestegc.org\/wp-content\/uploads\/2026\/02\/General.png","contentUrl":"https:\/\/surestegc.org\/wp-content\/uploads\/2026\/02\/General.png","width":2000,"height":2000},{"@type":"BreadcrumbList","@id":"https:\/\/surestegc.org\/index.php\/life-4eneragencies-sureste-gran-canaria\/#breadcrumb","itemListElement":[{"@type":"ListItem","position":1,"name":"Portada","item":"https:\/\/surestegc.org\/"},{"@type":"ListItem","position":2,"name":"Proyecto LIFE 4ENERAGENCIES"}]},{"@type":"WebSite","@id":"https:\/\/surestegc.org\/#website","url":"https:\/\/surestegc.org\/","name":"Mancomunidad Sureste de Gran Canaria","description":"La Mancomunidad Intermunicipal del Sureste de Gran Canaria, es una Mancomunidad situada en la isla de Gran Canaria, Espa\u00f1a, y que agrupa a los municipios de Santa Luc\u00eda de Tirajana, Ingenio y Ag\u00fcimes.","publisher":{"@id":"https:\/\/surestegc.org\/#organization"},"potentialAction":[{"@type":"SearchAction","target":{"@type":"EntryPoint","urlTemplate":"https:\/\/surestegc.org\/?s={search_term_string}"},"query-input":{"@type":"PropertyValueSpecification","valueRequired":true,"valueName":"search_term_string"}}],"inLanguage":"es"},{"@type":"Organization","@id":"https:\/\/surestegc.org\/#organization","name":"Mancomunidad Sureste de Gran Canaria","url":"https:\/\/surestegc.org\/","logo":{"@type":"ImageObject","inLanguage":"es","@id":"https:\/\/surestegc.org\/#\/schema\/logo\/image\/","url":"https:\/\/surestegc.org\/wp-content\/uploads\/2023\/06\/cropped-Logo-Mancomunidad-so\u0301lo.png","contentUrl":"https:\/\/surestegc.org\/wp-content\/uploads\/2023\/06\/cropped-Logo-Mancomunidad-so\u0301lo.png","width":200,"height":296,"caption":"Mancomunidad Sureste de Gran Canaria"},"image":{"@id":"https:\/\/surestegc.org\/#\/schema\/logo\/image\/"}}]}},"_links":{"self":[{"href":"https:\/\/surestegc.org\/index.php\/wp-json\/wp\/v2\/pages\/911","targetHints":{"allow":["GET"]}}],"collection":[{"href":"https:\/\/surestegc.org\/index.php\/wp-json\/wp\/v2\/pages"}],"about":[{"href":"https:\/\/surestegc.org\/index.php\/wp-json\/wp\/v2\/types\/page"}],"author":[{"embeddable":true,"href":"https:\/\/surestegc.org\/index.php\/wp-json\/wp\/v2\/users\/3"}],"replies":[{"embeddable":true,"href":"https:\/\/surestegc.org\/index.php\/wp-json\/wp\/v2\/comments?post=911"}],"version-history":[{"count":4,"href":"https:\/\/surestegc.org\/index.php\/wp-json\/wp\/v2\/pages\/911\/revisions"}],"predecessor-version":[{"id":921,"href":"https:\/\/surestegc.org\/index.php\/wp-json\/wp\/v2\/pages\/911\/revisions\/921"}],"wp:attachment":[{"href":"https:\/\/surestegc.org\/index.php\/wp-json\/wp\/v2\/media?parent=911"}],"curies":[{"name":"wp","href":"https:\/\/api.w.org\/{rel}","templated":true}]}}