{"id":348,"date":"2023-06-14T13:05:15","date_gmt":"2023-06-14T13:05:15","guid":{"rendered":"https:\/\/pruebas-web.net\/?page_id=348"},"modified":"2025-11-04T09:25:13","modified_gmt":"2025-11-04T09:25:13","slug":"bebuilder-348","status":"publish","type":"page","link":"https:\/\/surestegc.org\/index.php\/bebuilder-348\/","title":{"rendered":"Eventos"},"content":{"rendered":"\n<figure class=\"wp-block-image size-large\"><a href=\"https:\/\/surestegc.org\/wp-content\/uploads\/2025\/11\/Programa-RRSS_22FeriaSureste_2025-F.pdf\"><img loading=\"lazy\" decoding=\"async\" width=\"1024\" height=\"537\" src=\"https:\/\/surestegc.org\/wp-content\/uploads\/2025\/11\/BotonWeb_1080x566_22FeriaSureste2025-1-1024x537.jpg\" alt=\"\" class=\"wp-image-890\" srcset=\"https:\/\/surestegc.org\/wp-content\/uploads\/2025\/11\/BotonWeb_1080x566_22FeriaSureste2025-1-1024x537.jpg 1024w, https:\/\/surestegc.org\/wp-content\/uploads\/2025\/11\/BotonWeb_1080x566_22FeriaSureste2025-1-300x157.jpg 300w, https:\/\/surestegc.org\/wp-content\/uploads\/2025\/11\/BotonWeb_1080x566_22FeriaSureste2025-1-768x402.jpg 768w, https:\/\/surestegc.org\/wp-content\/uploads\/2025\/11\/BotonWeb_1080x566_22FeriaSureste2025-1-260x136.jpg 260w, https:\/\/surestegc.org\/wp-content\/uploads\/2025\/11\/BotonWeb_1080x566_22FeriaSureste2025-1-50x26.jpg 50w, https:\/\/surestegc.org\/wp-content\/uploads\/2025\/11\/BotonWeb_1080x566_22FeriaSureste2025-1-143x75.jpg 143w, https:\/\/surestegc.org\/wp-content\/uploads\/2025\/11\/BotonWeb_1080x566_22FeriaSureste2025-1.jpg 1080w\" sizes=\"auto, (max-width: 1024px) 100vw, 1024px\" \/><\/a><\/figure>\n","protected":false},"excerpt":{"rendered":"","protected":false},"author":1,"featured_media":0,"parent":0,"menu_order":0,"comment_status":"closed","ping_status":"closed","template":"","meta":{"footnotes":""},"class_list":["post-348","page","type-page","status-publish","hentry"],"yoast_head":"<!-- This site is optimized with the Yoast SEO plugin v27.0 - https:\/\/yoast.com\/product\/yoast-seo-wordpress\/ -->\n<title>Eventos - Mancomunidad Sureste de Gran Canaria<\/title>\n<meta name=\"robots\" content=\"noindex, follow, max-snippet:-1, max-image-preview:large, max-video-preview:-1\" \/>\n<meta property=\"og:locale\" content=\"es_ES\" \/>\n<meta property=\"og:type\" content=\"article\" \/>\n<meta property=\"og:title\" content=\"Eventos - Mancomunidad Sureste de Gran Canaria\" \/>\n<meta property=\"og:url\" content=\"https:\/\/surestegc.org\/index.php\/bebuilder-348\/\" \/>\n<meta property=\"og:site_name\" content=\"Mancomunidad Sureste de Gran Canaria\" \/>\n<meta property=\"article:modified_time\" content=\"2025-11-04T09:25:13+00:00\" \/>\n<meta property=\"og:image\" content=\"https:\/\/surestegc.org\/wp-content\/uploads\/2025\/11\/BotonWeb_1080x566_22FeriaSureste2025-1.jpg\" \/>\n\t<meta property=\"og:image:width\" content=\"1080\" \/>\n\t<meta property=\"og:image:height\" content=\"566\" \/>\n\t<meta property=\"og:image:type\" content=\"image\/jpeg\" \/>\n<meta name=\"twitter:card\" content=\"summary_large_image\" \/>\n<meta name=\"twitter:label1\" content=\"Tiempo de lectura\" \/>\n\t<meta name=\"twitter:data1\" content=\"1 minuto\" \/>\n<script type=\"application\/ld+json\" class=\"yoast-schema-graph\">{\"@context\":\"https:\/\/schema.org\",\"@graph\":[{\"@type\":\"WebPage\",\"@id\":\"https:\/\/surestegc.org\/index.php\/bebuilder-348\/\",\"url\":\"https:\/\/surestegc.org\/index.php\/bebuilder-348\/\",\"name\":\"Eventos - Mancomunidad Sureste de Gran Canaria\",\"isPartOf\":{\"@id\":\"https:\/\/surestegc.org\/#website\"},\"primaryImageOfPage\":{\"@id\":\"https:\/\/surestegc.org\/index.php\/bebuilder-348\/#primaryimage\"},\"image\":{\"@id\":\"https:\/\/surestegc.org\/index.php\/bebuilder-348\/#primaryimage\"},\"thumbnailUrl\":\"https:\/\/surestegc.org\/wp-content\/uploads\/2025\/11\/BotonWeb_1080x566_22FeriaSureste2025-1-1024x537.jpg\",\"datePublished\":\"2023-06-14T13:05:15+00:00\",\"dateModified\":\"2025-11-04T09:25:13+00:00\",\"breadcrumb\":{\"@id\":\"https:\/\/surestegc.org\/index.php\/bebuilder-348\/#breadcrumb\"},\"inLanguage\":\"es\",\"potentialAction\":[{\"@type\":\"ReadAction\",\"target\":[\"https:\/\/surestegc.org\/index.php\/bebuilder-348\/\"]}]},{\"@type\":\"ImageObject\",\"inLanguage\":\"es\",\"@id\":\"https:\/\/surestegc.org\/index.php\/bebuilder-348\/#primaryimage\",\"url\":\"https:\/\/surestegc.org\/wp-content\/uploads\/2025\/11\/BotonWeb_1080x566_22FeriaSureste2025-1.jpg\",\"contentUrl\":\"https:\/\/surestegc.org\/wp-content\/uploads\/2025\/11\/BotonWeb_1080x566_22FeriaSureste2025-1.jpg\",\"width\":1080,\"height\":566},{\"@type\":\"BreadcrumbList\",\"@id\":\"https:\/\/surestegc.org\/index.php\/bebuilder-348\/#breadcrumb\",\"itemListElement\":[{\"@type\":\"ListItem\",\"position\":1,\"name\":\"Portada\",\"item\":\"https:\/\/surestegc.org\/\"},{\"@type\":\"ListItem\",\"position\":2,\"name\":\"Eventos\"}]},{\"@type\":\"WebSite\",\"@id\":\"https:\/\/surestegc.org\/#website\",\"url\":\"https:\/\/surestegc.org\/\",\"name\":\"Mancomunidad Sureste de Gran Canaria\",\"description\":\"La Mancomunidad Intermunicipal del Sureste de Gran Canaria, es una Mancomunidad situada en la isla de Gran Canaria, Espa\u00f1a, y que agrupa a los municipios de Santa Luc\u00eda de Tirajana, Ingenio y Ag\u00fcimes.\",\"publisher\":{\"@id\":\"https:\/\/surestegc.org\/#organization\"},\"potentialAction\":[{\"@type\":\"SearchAction\",\"target\":{\"@type\":\"EntryPoint\",\"urlTemplate\":\"https:\/\/surestegc.org\/?s={search_term_string}\"},\"query-input\":{\"@type\":\"PropertyValueSpecification\",\"valueRequired\":true,\"valueName\":\"search_term_string\"}}],\"inLanguage\":\"es\"},{\"@type\":\"Organization\",\"@id\":\"https:\/\/surestegc.org\/#organization\",\"name\":\"Mancomunidad Sureste de Gran Canaria\",\"url\":\"https:\/\/surestegc.org\/\",\"logo\":{\"@type\":\"ImageObject\",\"inLanguage\":\"es\",\"@id\":\"https:\/\/surestegc.org\/#\/schema\/logo\/image\/\",\"url\":\"https:\/\/surestegc.org\/wp-content\/uploads\/2023\/06\/cropped-Logo-Mancomunidad-so\u0301lo.png\",\"contentUrl\":\"https:\/\/surestegc.org\/wp-content\/uploads\/2023\/06\/cropped-Logo-Mancomunidad-so\u0301lo.png\",\"width\":200,\"height\":296,\"caption\":\"Mancomunidad Sureste de Gran Canaria\"},\"image\":{\"@id\":\"https:\/\/surestegc.org\/#\/schema\/logo\/image\/\"}}]}<\/script>\n<!-- \/ Yoast SEO plugin. -->","yoast_head_json":{"title":"Eventos - Mancomunidad Sureste de Gran Canaria","robots":{"index":"noindex","follow":"follow","max-snippet":"max-snippet:-1","max-image-preview":"max-image-preview:large","max-video-preview":"max-video-preview:-1"},"og_locale":"es_ES","og_type":"article","og_title":"Eventos - Mancomunidad Sureste de Gran Canaria","og_url":"https:\/\/surestegc.org\/index.php\/bebuilder-348\/","og_site_name":"Mancomunidad Sureste de Gran Canaria","article_modified_time":"2025-11-04T09:25:13+00:00","og_image":[{"width":1080,"height":566,"url":"https:\/\/surestegc.org\/wp-content\/uploads\/2025\/11\/BotonWeb_1080x566_22FeriaSureste2025-1.jpg","type":"image\/jpeg"}],"twitter_card":"summary_large_image","twitter_misc":{"Tiempo de lectura":"1 minuto"},"schema":{"@context":"https:\/\/schema.org","@graph":[{"@type":"WebPage","@id":"https:\/\/surestegc.org\/index.php\/bebuilder-348\/","url":"https:\/\/surestegc.org\/index.php\/bebuilder-348\/","name":"Eventos - Mancomunidad Sureste de Gran Canaria","isPartOf":{"@id":"https:\/\/surestegc.org\/#website"},"primaryImageOfPage":{"@id":"https:\/\/surestegc.org\/index.php\/bebuilder-348\/#primaryimage"},"image":{"@id":"https:\/\/surestegc.org\/index.php\/bebuilder-348\/#primaryimage"},"thumbnailUrl":"https:\/\/surestegc.org\/wp-content\/uploads\/2025\/11\/BotonWeb_1080x566_22FeriaSureste2025-1-1024x537.jpg","datePublished":"2023-06-14T13:05:15+00:00","dateModified":"2025-11-04T09:25:13+00:00","breadcrumb":{"@id":"https:\/\/surestegc.org\/index.php\/bebuilder-348\/#breadcrumb"},"inLanguage":"es","potentialAction":[{"@type":"ReadAction","target":["https:\/\/surestegc.org\/index.php\/bebuilder-348\/"]}]},{"@type":"ImageObject","inLanguage":"es","@id":"https:\/\/surestegc.org\/index.php\/bebuilder-348\/#primaryimage","url":"https:\/\/surestegc.org\/wp-content\/uploads\/2025\/11\/BotonWeb_1080x566_22FeriaSureste2025-1.jpg","contentUrl":"https:\/\/surestegc.org\/wp-content\/uploads\/2025\/11\/BotonWeb_1080x566_22FeriaSureste2025-1.jpg","width":1080,"height":566},{"@type":"BreadcrumbList","@id":"https:\/\/surestegc.org\/index.php\/bebuilder-348\/#breadcrumb","itemListElement":[{"@type":"ListItem","position":1,"name":"Portada","item":"https:\/\/surestegc.org\/"},{"@type":"ListItem","position":2,"name":"Eventos"}]},{"@type":"WebSite","@id":"https:\/\/surestegc.org\/#website","url":"https:\/\/surestegc.org\/","name":"Mancomunidad Sureste de Gran Canaria","description":"La Mancomunidad Intermunicipal del Sureste de Gran Canaria, es una Mancomunidad situada en la isla de Gran Canaria, Espa\u00f1a, y que agrupa a los municipios de Santa Luc\u00eda de Tirajana, Ingenio y Ag\u00fcimes.","publisher":{"@id":"https:\/\/surestegc.org\/#organization"},"potentialAction":[{"@type":"SearchAction","target":{"@type":"EntryPoint","urlTemplate":"https:\/\/surestegc.org\/?s={search_term_string}"},"query-input":{"@type":"PropertyValueSpecification","valueRequired":true,"valueName":"search_term_string"}}],"inLanguage":"es"},{"@type":"Organization","@id":"https:\/\/surestegc.org\/#organization","name":"Mancomunidad Sureste de Gran Canaria","url":"https:\/\/surestegc.org\/","logo":{"@type":"ImageObject","inLanguage":"es","@id":"https:\/\/surestegc.org\/#\/schema\/logo\/image\/","url":"https:\/\/surestegc.org\/wp-content\/uploads\/2023\/06\/cropped-Logo-Mancomunidad-so\u0301lo.png","contentUrl":"https:\/\/surestegc.org\/wp-content\/uploads\/2023\/06\/cropped-Logo-Mancomunidad-so\u0301lo.png","width":200,"height":296,"caption":"Mancomunidad Sureste de Gran Canaria"},"image":{"@id":"https:\/\/surestegc.org\/#\/schema\/logo\/image\/"}}]}},"_links":{"self":[{"href":"https:\/\/surestegc.org\/index.php\/wp-json\/wp\/v2\/pages\/348","targetHints":{"allow":["GET"]}}],"collection":[{"href":"https:\/\/surestegc.org\/index.php\/wp-json\/wp\/v2\/pages"}],"about":[{"href":"https:\/\/surestegc.org\/index.php\/wp-json\/wp\/v2\/types\/page"}],"author":[{"embeddable":true,"href":"https:\/\/surestegc.org\/index.php\/wp-json\/wp\/v2\/users\/1"}],"replies":[{"embeddable":true,"href":"https:\/\/surestegc.org\/index.php\/wp-json\/wp\/v2\/comments?post=348"}],"version-history":[{"count":3,"href":"https:\/\/surestegc.org\/index.php\/wp-json\/wp\/v2\/pages\/348\/revisions"}],"predecessor-version":[{"id":891,"href":"https:\/\/surestegc.org\/index.php\/wp-json\/wp\/v2\/pages\/348\/revisions\/891"}],"wp:attachment":[{"href":"https:\/\/surestegc.org\/index.php\/wp-json\/wp\/v2\/media?parent=348"}],"curies":[{"name":"wp","href":"https:\/\/api.w.org\/{rel}","templated":true}]}}