{"id":233,"date":"2023-02-28T18:16:42","date_gmt":"2023-02-28T18:16:42","guid":{"rendered":"https:\/\/pruebas-web.net\/?page_id=233"},"modified":"2023-02-28T18:25:06","modified_gmt":"2023-02-28T18:25:06","slug":"el-premio-onu-agua-el-agua-fuente-de-vida-a-las-mejores-practicas-2014","status":"publish","type":"page","link":"https:\/\/surestegc.org\/index.php\/el-premio-onu-agua-el-agua-fuente-de-vida-a-las-mejores-practicas-2014\/","title":{"rendered":"El premio ONU-Agua \u00abEl agua, fuente de vida\u00bb a las mejores pr\u00e1cticas 2014"},"content":{"rendered":"","protected":false},"excerpt":{"rendered":"","protected":false},"author":1,"featured_media":0,"parent":0,"menu_order":0,"comment_status":"closed","ping_status":"closed","template":"","meta":{"footnotes":""},"class_list":["post-233","page","type-page","status-publish","hentry"],"yoast_head":"<!-- This site is optimized with the Yoast SEO plugin v27.0 - https:\/\/yoast.com\/product\/yoast-seo-wordpress\/ -->\n<title>El premio ONU-Agua &quot;El agua, fuente de vida&quot; a las mejores pr\u00e1cticas 2014 - Mancomunidad Sureste de Gran Canaria<\/title>\n<meta name=\"robots\" content=\"noindex, follow, max-snippet:-1, max-image-preview:large, max-video-preview:-1\" \/>\n<meta property=\"og:locale\" content=\"es_ES\" \/>\n<meta property=\"og:type\" content=\"article\" \/>\n<meta property=\"og:title\" content=\"El premio ONU-Agua &quot;El agua, fuente de vida&quot; a las mejores pr\u00e1cticas 2014 - Mancomunidad Sureste de Gran Canaria\" \/>\n<meta property=\"og:url\" content=\"https:\/\/surestegc.org\/index.php\/el-premio-onu-agua-el-agua-fuente-de-vida-a-las-mejores-practicas-2014\/\" \/>\n<meta property=\"og:site_name\" content=\"Mancomunidad Sureste de Gran Canaria\" \/>\n<meta property=\"article:modified_time\" content=\"2023-02-28T18:25:06+00:00\" \/>\n<meta name=\"twitter:card\" content=\"summary_large_image\" \/>\n<script type=\"application\/ld+json\" class=\"yoast-schema-graph\">{\"@context\":\"https:\/\/schema.org\",\"@graph\":[{\"@type\":\"WebPage\",\"@id\":\"https:\/\/surestegc.org\/index.php\/el-premio-onu-agua-el-agua-fuente-de-vida-a-las-mejores-practicas-2014\/\",\"url\":\"https:\/\/surestegc.org\/index.php\/el-premio-onu-agua-el-agua-fuente-de-vida-a-las-mejores-practicas-2014\/\",\"name\":\"El premio ONU-Agua \\\"El agua, fuente de vida\\\" a las mejores pr\u00e1cticas 2014 - Mancomunidad Sureste de Gran Canaria\",\"isPartOf\":{\"@id\":\"https:\/\/surestegc.org\/#website\"},\"datePublished\":\"2023-02-28T18:16:42+00:00\",\"dateModified\":\"2023-02-28T18:25:06+00:00\",\"breadcrumb\":{\"@id\":\"https:\/\/surestegc.org\/index.php\/el-premio-onu-agua-el-agua-fuente-de-vida-a-las-mejores-practicas-2014\/#breadcrumb\"},\"inLanguage\":\"es\",\"potentialAction\":[{\"@type\":\"ReadAction\",\"target\":[\"https:\/\/surestegc.org\/index.php\/el-premio-onu-agua-el-agua-fuente-de-vida-a-las-mejores-practicas-2014\/\"]}]},{\"@type\":\"BreadcrumbList\",\"@id\":\"https:\/\/surestegc.org\/index.php\/el-premio-onu-agua-el-agua-fuente-de-vida-a-las-mejores-practicas-2014\/#breadcrumb\",\"itemListElement\":[{\"@type\":\"ListItem\",\"position\":1,\"name\":\"Portada\",\"item\":\"https:\/\/surestegc.org\/\"},{\"@type\":\"ListItem\",\"position\":2,\"name\":\"El premio ONU-Agua \u00abEl agua, fuente de vida\u00bb a las mejores pr\u00e1cticas 2014\"}]},{\"@type\":\"WebSite\",\"@id\":\"https:\/\/surestegc.org\/#website\",\"url\":\"https:\/\/surestegc.org\/\",\"name\":\"Mancomunidad Sureste de Gran Canaria\",\"description\":\"La Mancomunidad Intermunicipal del Sureste de Gran Canaria, es una Mancomunidad situada en la isla de Gran Canaria, Espa\u00f1a, y que agrupa a los municipios de Santa Luc\u00eda de Tirajana, Ingenio y Ag\u00fcimes.\",\"publisher\":{\"@id\":\"https:\/\/surestegc.org\/#organization\"},\"potentialAction\":[{\"@type\":\"SearchAction\",\"target\":{\"@type\":\"EntryPoint\",\"urlTemplate\":\"https:\/\/surestegc.org\/?s={search_term_string}\"},\"query-input\":{\"@type\":\"PropertyValueSpecification\",\"valueRequired\":true,\"valueName\":\"search_term_string\"}}],\"inLanguage\":\"es\"},{\"@type\":\"Organization\",\"@id\":\"https:\/\/surestegc.org\/#organization\",\"name\":\"Mancomunidad Sureste de Gran Canaria\",\"url\":\"https:\/\/surestegc.org\/\",\"logo\":{\"@type\":\"ImageObject\",\"inLanguage\":\"es\",\"@id\":\"https:\/\/surestegc.org\/#\/schema\/logo\/image\/\",\"url\":\"https:\/\/surestegc.org\/wp-content\/uploads\/2023\/06\/cropped-Logo-Mancomunidad-so\u0301lo.png\",\"contentUrl\":\"https:\/\/surestegc.org\/wp-content\/uploads\/2023\/06\/cropped-Logo-Mancomunidad-so\u0301lo.png\",\"width\":200,\"height\":296,\"caption\":\"Mancomunidad Sureste de Gran Canaria\"},\"image\":{\"@id\":\"https:\/\/surestegc.org\/#\/schema\/logo\/image\/\"}}]}<\/script>\n<!-- \/ Yoast SEO plugin. -->","yoast_head_json":{"title":"El premio ONU-Agua \"El agua, fuente de vida\" a las mejores pr\u00e1cticas 2014 - Mancomunidad Sureste de Gran Canaria","robots":{"index":"noindex","follow":"follow","max-snippet":"max-snippet:-1","max-image-preview":"max-image-preview:large","max-video-preview":"max-video-preview:-1"},"og_locale":"es_ES","og_type":"article","og_title":"El premio ONU-Agua \"El agua, fuente de vida\" a las mejores pr\u00e1cticas 2014 - Mancomunidad Sureste de Gran Canaria","og_url":"https:\/\/surestegc.org\/index.php\/el-premio-onu-agua-el-agua-fuente-de-vida-a-las-mejores-practicas-2014\/","og_site_name":"Mancomunidad Sureste de Gran Canaria","article_modified_time":"2023-02-28T18:25:06+00:00","twitter_card":"summary_large_image","schema":{"@context":"https:\/\/schema.org","@graph":[{"@type":"WebPage","@id":"https:\/\/surestegc.org\/index.php\/el-premio-onu-agua-el-agua-fuente-de-vida-a-las-mejores-practicas-2014\/","url":"https:\/\/surestegc.org\/index.php\/el-premio-onu-agua-el-agua-fuente-de-vida-a-las-mejores-practicas-2014\/","name":"El premio ONU-Agua \"El agua, fuente de vida\" a las mejores pr\u00e1cticas 2014 - Mancomunidad Sureste de Gran Canaria","isPartOf":{"@id":"https:\/\/surestegc.org\/#website"},"datePublished":"2023-02-28T18:16:42+00:00","dateModified":"2023-02-28T18:25:06+00:00","breadcrumb":{"@id":"https:\/\/surestegc.org\/index.php\/el-premio-onu-agua-el-agua-fuente-de-vida-a-las-mejores-practicas-2014\/#breadcrumb"},"inLanguage":"es","potentialAction":[{"@type":"ReadAction","target":["https:\/\/surestegc.org\/index.php\/el-premio-onu-agua-el-agua-fuente-de-vida-a-las-mejores-practicas-2014\/"]}]},{"@type":"BreadcrumbList","@id":"https:\/\/surestegc.org\/index.php\/el-premio-onu-agua-el-agua-fuente-de-vida-a-las-mejores-practicas-2014\/#breadcrumb","itemListElement":[{"@type":"ListItem","position":1,"name":"Portada","item":"https:\/\/surestegc.org\/"},{"@type":"ListItem","position":2,"name":"El premio ONU-Agua \u00abEl agua, fuente de vida\u00bb a las mejores pr\u00e1cticas 2014"}]},{"@type":"WebSite","@id":"https:\/\/surestegc.org\/#website","url":"https:\/\/surestegc.org\/","name":"Mancomunidad Sureste de Gran Canaria","description":"La Mancomunidad Intermunicipal del Sureste de Gran Canaria, es una Mancomunidad situada en la isla de Gran Canaria, Espa\u00f1a, y que agrupa a los municipios de Santa Luc\u00eda de Tirajana, Ingenio y Ag\u00fcimes.","publisher":{"@id":"https:\/\/surestegc.org\/#organization"},"potentialAction":[{"@type":"SearchAction","target":{"@type":"EntryPoint","urlTemplate":"https:\/\/surestegc.org\/?s={search_term_string}"},"query-input":{"@type":"PropertyValueSpecification","valueRequired":true,"valueName":"search_term_string"}}],"inLanguage":"es"},{"@type":"Organization","@id":"https:\/\/surestegc.org\/#organization","name":"Mancomunidad Sureste de Gran Canaria","url":"https:\/\/surestegc.org\/","logo":{"@type":"ImageObject","inLanguage":"es","@id":"https:\/\/surestegc.org\/#\/schema\/logo\/image\/","url":"https:\/\/surestegc.org\/wp-content\/uploads\/2023\/06\/cropped-Logo-Mancomunidad-so\u0301lo.png","contentUrl":"https:\/\/surestegc.org\/wp-content\/uploads\/2023\/06\/cropped-Logo-Mancomunidad-so\u0301lo.png","width":200,"height":296,"caption":"Mancomunidad Sureste de Gran Canaria"},"image":{"@id":"https:\/\/surestegc.org\/#\/schema\/logo\/image\/"}}]}},"_links":{"self":[{"href":"https:\/\/surestegc.org\/index.php\/wp-json\/wp\/v2\/pages\/233","targetHints":{"allow":["GET"]}}],"collection":[{"href":"https:\/\/surestegc.org\/index.php\/wp-json\/wp\/v2\/pages"}],"about":[{"href":"https:\/\/surestegc.org\/index.php\/wp-json\/wp\/v2\/types\/page"}],"author":[{"embeddable":true,"href":"https:\/\/surestegc.org\/index.php\/wp-json\/wp\/v2\/users\/1"}],"replies":[{"embeddable":true,"href":"https:\/\/surestegc.org\/index.php\/wp-json\/wp\/v2\/comments?post=233"}],"version-history":[{"count":2,"href":"https:\/\/surestegc.org\/index.php\/wp-json\/wp\/v2\/pages\/233\/revisions"}],"predecessor-version":[{"id":236,"href":"https:\/\/surestegc.org\/index.php\/wp-json\/wp\/v2\/pages\/233\/revisions\/236"}],"wp:attachment":[{"href":"https:\/\/surestegc.org\/index.php\/wp-json\/wp\/v2\/media?parent=233"}],"curies":[{"name":"wp","href":"https:\/\/api.w.org\/{rel}","templated":true}]}}